{"id":330,"date":"2016-01-20T10:32:52","date_gmt":"2016-01-20T10:32:52","guid":{"rendered":"http:\/\/themes.hody.co\/comet\/?page_id=330"},"modified":"2020-09-30T15:53:26","modified_gmt":"2020-09-30T15:53:26","slug":"one-page","status":"publish","type":"page","link":"https:\/\/cyberfactoring.net\/","title":{"rendered":"AAA"},"content":{"rendered":"<p>[vc_row full_width=&#8221;stretch_row_content_no_spaces&#8221; css=&#8221;.vc_custom_1453805917866{border-bottom-width: 0px !important;padding-top: 0px !important;padding-bottom: 0px !important;}&#8221; el_id=&#8221;home&#8221;][vc_column]<div id=\"home-slider\" class=\"flexslider \"><ul class=\"slides\"><li><div class=\"slide-image\" style=\"background-image: url(https:\/\/cyberfactoring.net\/wp-content\/uploads\/2020\/09\/yosi-bitran-jVCXlJrnl5w-unsplash-scaled.jpg);\"><\/div><div class=\"slide-wrap\"><div class=\"slide-content  \"><div class=\"container\"><h1 class=\"\">Beneficios<span class=\"red-dot\"><\/span><\/h1><h6>Conoce m\u00e1s como trabajamos.<\/h6><p><a class=\"btn btn-color \" href=\"#benefits\" >Beneficios<\/a><a class=\"btn btn-light-out \" href=\"#contact\" >Cont\u00e1ctenos<\/a><\/p><\/div><\/div><\/div><\/li><li><div class=\"slide-image\" style=\"background-image: url(https:\/\/cyberfactoring.net\/wp-content\/uploads\/2015\/12\/5.jpg);\"><\/div><div class=\"slide-wrap\"><div class=\"slide-content  \"><div class=\"container\"><h1 class=\"\">Factoring<span class=\"red-dot\"><\/span><\/h1><h6>Descubre nuestros servicios<\/h6><p><a class=\"btn btn-light-out \" href=\"#function\" >Funcionamiento<\/a><\/p><\/div><\/div><\/div><\/li><\/ul><\/div>[\/vc_column][\/vc_row][vc_row el_id=&#8221;about&#8221;][vc_column]<div class=\"title center\"><h2 class=\"\">Sobre Nosotros<span class=\"red-dot\"><\/span><\/h2><hr><\/div>[vc_row_inner css=&#8221;.vc_custom_1453306793719{padding-top: 25px !important;}&#8221;][vc_column_inner offset=&#8221;vc_col-md-offset-2 vc_col-md-8&#8243;][vc_column_text font_style=&#8221;serif&#8221;]<\/p>\n<h3 style=\"font-weight: 400; text-align: center;\">Quieres mejorar el flujo de caja de tu negocio?\u00a0 Ese tambi\u00e9n es el objetivo de CF.\u00a0 Reconocemos que puede ser dif\u00edcil obtener fuentes tradicionales de financiamiento para capital de trabajo, y desde 2004 hemos apoyado a cientos de empresas con soluciones r\u00e1pidas y simples.<\/h3>\n<p>[\/vc_column_text][\/vc_column_inner][\/vc_row_inner][\/vc_column][\/vc_row][vc_row full_width=&#8221;stretch_row_content_no_spaces&#8221; css=&#8221;.vc_custom_1601043394787{border-bottom-width: 0px !important;padding-top: 80px !important;padding-bottom: 80px !important;}&#8221; el_id=&#8221;function&#8221;][vc_column]<div class=\"title center\"><h4 class=\"upper \">Nuestro trabajo<\/h4><h2 class=\"\">C\u00f3mo funciona el factoring<span class=\"red-dot\"><\/span><\/h2><hr><\/div>[vc_row_inner el_class=&#8221;boxes&#8221;][vc_column_inner width=&#8221;1\/2&#8243; css=&#8221;.vc_custom_1453377483036{background-color: #eeeeee !important;}&#8221; offset=&#8221;vc_col-md-3&#8243;]<div class=\"number-box\"><span>Paso<\/span><h2>01<span class=\"red-dot\"><\/span><\/h2><h4><\/h4><p>Su empresa realiza una venta de un bien o servicio a un cliente determinado, ya sea empresa privada o entidades gubernamentales<\/p><\/div>[\/vc_column_inner][vc_column_inner width=&#8221;1\/2&#8243; css=&#8221;.vc_custom_1453374426438{background-color: #f2f2f2 !important;}&#8221; offset=&#8221;vc_col-md-3&#8243;]<div class=\"number-box\"><span>Paso<\/span><h2>02<span class=\"red-dot\"><\/span><\/h2><h4><\/h4><p>Luego, genera una factura por dicha operaci\u00f3n<\/p><\/div>[\/vc_column_inner][vc_column_inner width=&#8221;1\/2&#8243; css=&#8221;.vc_custom_1453374436792{background-color: #f6f6f6 !important;}&#8221; offset=&#8221;vc_col-md-3&#8243;]<div class=\"number-box\"><span>Paso<\/span><h2>03<span class=\"red-dot\"><\/span><\/h2><h4><\/h4><p>Este documento negociable se endosa o cede a favor de CF.<\/p><\/div>[\/vc_column_inner][vc_column_inner width=&#8221;1\/2&#8243; css=&#8221;.vc_custom_1453374444035{background-color: #f9f9f9 !important;}&#8221; offset=&#8221;vc_col-md-3&#8243;]<div class=\"number-box\"><span>Paso<\/span><h2>04<span class=\"red-dot\"><\/span><\/h2><h4><\/h4><p>Inmediatamente despu\u00e9s de que el pagador de la factura haya aceptado el endoso y reconocido el pago de la misma a favor de CF, se tramita el desembolso del dinero a su empresa para ser utilizado a su discreci\u00f3n<\/p><\/div>[\/vc_column_inner][\/vc_row_inner][\/vc_column][\/vc_row][vc_row full_width=&#8221;stretch_row_content_no_spaces&#8221; split_row=&#8221;yes&#8221; split_row_bg_type=&#8221;image&#8221; split_row_bg=&#8221;1764&#8243; show_title=&#8221;yes&#8221; split_title=&#8221;Beneficios&#8221; split_subtitle=&#8221;Descubre nuestros servicios&#8221; split_text_align=&#8221;left&#8221; split_text_align_sm=&#8221;center&#8221; split_text_align_xs=&#8221;center&#8221; title=&#8221;Expertise&#8221; subtitle=&#8221;This is what we love to do.&#8221; el_id=&#8221;benefits&#8221; css=&#8221;.vc_custom_1601044483546{padding-top: 0px !important;padding-bottom: 0px !important;}&#8221;][vc_column width=&#8221;2\/3&#8243; offset=&#8221;vc_col-md-offset-6 vc_col-md-6 vc_col-sm-offset-4&#8243;]<div class=\"services\"><div class=\"vc_col-md-6 vc_col-sm-6 vc_col-xs-12 border-right border-bottom\"><div class=\"service\"><i class=\"icon-documents\"><\/i><span class=\"back-icon\"><i class=\"icon-documents\"><\/i><\/span><h4>Tramites<\/h4><hr><p class=\"alt-paragraph\">\u00c1giles, sencillos, confiables y transparentes<\/p><\/div><\/div><div class=\"vc_col-md-6 vc_col-sm-6 vc_col-xs-12 border-bottom\"><div class=\"service\"><i class=\"icon-chat\"><\/i><span class=\"back-icon\"><i class=\"icon-chat\"><\/i><\/span><h4>Asesoramiento<\/h4><hr><p class=\"alt-paragraph\">Recibes desembolsos 24 horas luego de formalizada la transacci\u00f3n, ademas de asesoramiento y gu\u00eda sobre documentaci\u00f3n y seguimiento en transacciones con entidades estatales<\/p><\/div><\/div><div class=\"vc_col-md-6 vc_col-sm-6 vc_col-xs-12 border-right border-bottom\"><div class=\"service\"><i class=\"icon-wallet\"><\/i><span class=\"back-icon\"><i class=\"icon-wallet\"><\/i><\/span><h4>Cotizaciones<\/h4><hr><p class=\"alt-paragraph\">Cotizaciones que permiten proyectar el costo de cada transacci\u00f3n<\/p><\/div><\/div><div class=\"vc_col-md-6 vc_col-sm-6 vc_col-xs-12 border-bottom\"><div class=\"service\"><i class=\"icon-clock\"><\/i><span class=\"back-icon\"><i class=\"icon-clock\"><\/i><\/span><h4>Plazos<\/h4><hr><p class=\"alt-paragraph\">Acortar el plazo de cobro permite incrementar ventas y mejorar relaciones con proveedores<\/p><\/div><\/div><\/div>[\/vc_column][\/vc_row][vc_row split_row=&#8221;yes&#8221; split_row_bg_type=&#8221;map&#8221; split_map_lat=&#8221;8.976113&#8243; split_map_lng=&#8221;-79.526885&#8243; el_id=&#8221;contact&#8221;][vc_column width=&#8221;2\/3&#8243; offset=&#8221;vc_col-md-offset-7 vc_col-md-5 vc_col-sm-offset-2&#8243;]<div class=\"title\"><h4 class=\"upper \">Conozca m\u00e1s sobre nuestros servicios<\/h4><h3 class=\"\">Cont\u00e1ctenos<span class=\"red-dot\"><\/span><\/h3><hr><\/div>[vc_row_inner css=&#8221;.vc_custom_1453453227527{padding-top: 25px !important;padding-bottom: 25px !important;}&#8221;][vc_column_inner]<div role=\"form\" class=\"wpcf7\" id=\"wpcf7-f1296-o1\" lang=\"en-US\" dir=\"ltr\">\n<div class=\"screen-reader-response\"><p role=\"status\" aria-live=\"polite\" aria-atomic=\"true\"><\/p> <ul><\/ul><\/div>\n<form action=\"\/index.php?rest_route=%2Fwp%2Fv2%2Fpages%2F330#wpcf7-f1296-o1\" method=\"post\" class=\"wpcf7-form init\" novalidate=\"novalidate\" data-status=\"init\">\n<div style=\"display: none;\">\n<input type=\"hidden\" name=\"_wpcf7\" value=\"1296\" \/>\n<input type=\"hidden\" name=\"_wpcf7_version\" value=\"5.3\" \/>\n<input type=\"hidden\" name=\"_wpcf7_locale\" value=\"en_US\" \/>\n<input type=\"hidden\" name=\"_wpcf7_unit_tag\" value=\"wpcf7-f1296-o1\" \/>\n<input type=\"hidden\" name=\"_wpcf7_container_post\" value=\"0\" \/>\n<input type=\"hidden\" name=\"_wpcf7_posted_data_hash\" value=\"\" \/>\n<\/div>\n<p><span class=\"wpcf7-form-control-wrap your-name\"><input type=\"text\" name=\"your-name\" value=\"\" size=\"40\" class=\"wpcf7-form-control wpcf7-text wpcf7-validates-as-required\" aria-required=\"true\" aria-invalid=\"false\" placeholder=\"Nombre\" \/><\/span><\/p>\n<p><span class=\"wpcf7-form-control-wrap your-email\"><input type=\"text\" name=\"your-email\" value=\"\" size=\"40\" class=\"wpcf7-form-control wpcf7-text wpcf7-validates-as-required\" aria-required=\"true\" aria-invalid=\"false\" placeholder=\"Email\" \/><\/span><\/p>\n<p><span class=\"wpcf7-form-control-wrap your-phone\"><input type=\"text\" name=\"your-phone\" value=\"\" size=\"40\" class=\"wpcf7-form-control wpcf7-text\" aria-invalid=\"false\" placeholder=\"N\u00famero de Tel\u00e9fono\" \/><\/span><\/p>\n<p><span class=\"wpcf7-form-control-wrap your-message\"><textarea name=\"your-message\" cols=\"40\" rows=\"10\" class=\"wpcf7-form-control wpcf7-textarea wpcf7-validates-as-required\" aria-required=\"true\" aria-invalid=\"false\" placeholder=\"Mensaje\"><\/textarea><\/span><\/p>\n<p><input type=\"submit\" value=\"Enviar Mensaje\" class=\"wpcf7-form-control wpcf7-submit btn-color\" \/><\/p>\n<div class=\"wpcf7-response-output\" aria-hidden=\"true\"><\/div><\/form><\/div>[\/vc_column_inner][\/vc_row_inner][\/vc_column][\/vc_row][vc_row][vc_column]<div class=\"title center\"><h3 class=\"\">Informaci\u00f3n General<span class=\"red-dot\"><\/span><\/h3><hr><\/div>[vc_row_inner][vc_column_inner width=&#8221;1\/3&#8243;]<div class=\"icon-box-basic\"><i class=\"icon-map\" ><\/i><h4>Direcci\u00f3n<\/h4><p>Ave. Balboa, Edificio Parque Urraca, Piso 1<br \/>\n(bajando por Ave. Federico Boyd, despu\u00e9s de Mundo de los Globos, antes de llegar a Farmacias Revilla, subir rampa hacia nuestros estacionamientos)<\/p><\/div>[\/vc_column_inner][vc_column_inner width=&#8221;1\/3&#8243;]<div class=\"icon-box-basic\"><i class=\"icon-envelope\" ><\/i><h4>E-mail<\/h4><p>info@cyfsa.com<\/p><\/div>[\/vc_column_inner][vc_column_inner width=&#8221;1\/3&#8243;]<div class=\"icon-box-basic\"><i class=\"icon-phone\" ><\/i><h4>Tel\u00e9fono<\/h4><p>+507 263-3155<\/p><\/div>[\/vc_column_inner][\/vc_row_inner][\/vc_column][\/vc_row]<\/p>\n","protected":false},"excerpt":{"rendered":"<p>[vc_row full_width=&#8221;stretch_row_content_no_spaces&#8221; css=&#8221;.vc_custom_1453805917866{border-bottom-width: 0px !important;padding-top: 0px !important;padding-bottom: 0px !important;}&#8221; el_id=&#8221;home&#8221;][vc_column][\/vc_column][\/vc_row][vc_row el_id=&#8221;about&#8221;][vc_column][vc_row_inner css=&#8221;.vc_custom_1453306793719{padding-top: 25px !important;}&#8221;][vc_column_inner offset=&#8221;vc_col-md-offset-2 vc_col-md-8&#8243;][vc_column_text font_style=&#8221;serif&#8221;] Quieres mejorar el flujo de caja de tu negocio?\u00a0 Ese tambi\u00e9n es el objetivo de CF.\u00a0 Reconocemos que puede ser dif\u00edcil obtener fuentes tradicionales de financiamiento para capital de trabajo, y desde 2004 hemos apoyado a cientos de[&#8230;] <\/p>\n<p class=\"mt-15\"><a class=\"btn btn-color btn-sm\" href=\"https:\/\/cyberfactoring.net\/\">Read More<\/a><\/p>\n","protected":false},"author":1,"featured_media":0,"parent":0,"menu_order":0,"comment_status":"closed","ping_status":"closed","template":"","meta":{"footnotes":""},"class_list":["post-330","page","type-page","status-publish","hentry"],"_links":{"self":[{"href":"https:\/\/cyberfactoring.net\/index.php?rest_route=\/wp\/v2\/pages\/330","targetHints":{"allow":["GET"]}}],"collection":[{"href":"https:\/\/cyberfactoring.net\/index.php?rest_route=\/wp\/v2\/pages"}],"about":[{"href":"https:\/\/cyberfactoring.net\/index.php?rest_route=\/wp\/v2\/types\/page"}],"author":[{"embeddable":true,"href":"https:\/\/cyberfactoring.net\/index.php?rest_route=\/wp\/v2\/users\/1"}],"replies":[{"embeddable":true,"href":"https:\/\/cyberfactoring.net\/index.php?rest_route=%2Fwp%2Fv2%2Fcomments&post=330"}],"version-history":[{"count":147,"href":"https:\/\/cyberfactoring.net\/index.php?rest_route=\/wp\/v2\/pages\/330\/revisions"}],"predecessor-version":[{"id":1820,"href":"https:\/\/cyberfactoring.net\/index.php?rest_route=\/wp\/v2\/pages\/330\/revisions\/1820"}],"wp:attachment":[{"href":"https:\/\/cyberfactoring.net\/index.php?rest_route=%2Fwp%2Fv2%2Fmedia&parent=330"}],"curies":[{"name":"wp","href":"https:\/\/api.w.org\/{rel}","templated":true}]}}